{"id":1843,"date":"2023-11-03T11:45:29","date_gmt":"2023-11-03T10:45:29","guid":{"rendered":"https:\/\/budnet.dk\/?page_id=1843"},"modified":"2026-01-06T14:35:17","modified_gmt":"2026-01-06T13:35:17","slug":"ringkoebing-skjern-afternoon","status":"publish","type":"page","link":"https:\/\/budnet.dk\/en\/ringkoebing-skjern-afternoon\/","title":{"rendered":"Ringk\u00f8bing &amp; Skjern (Weekly newspapers)"},"content":{"rendered":"<div class=\"vce-row-container\" data-vce-boxed-width=\"true\"><div class=\"vce-row vce-row--col-gap-30 vce-row-equal-height vce-row-content--top\" id=\"el-c512e18f\" data-vce-do-apply=\"all el-c512e18f\"><div class=\"vce-content-background-container\"><\/div><div class=\"vce-row-content\" data-vce-element-content=\"true\"><div class=\"vce-col vce-col--md-auto vce-col--xs-1 vce-col--xs-last vce-col--xs-first vce-col--sm-last vce-col--sm-first vce-col--md-last vce-col--lg-last vce-col--xl-last vce-col--md-first vce-col--lg-first vce-col--xl-first\" id=\"el-c7e0bfc9\"><div class=\"vce-col-inner\" data-vce-do-apply=\"border margin background  el-c7e0bfc9\"><div class=\"vce-col-content\" data-vce-element-content=\"true\" data-vce-do-apply=\"padding el-c7e0bfc9\"><div class=\"vce-text-block\"><div class=\"vce-text-block-wrapper vce\" id=\"el-7f56509e\" data-vce-do-apply=\"all el-7f56509e\"><h2 style=\"text-align: center;\"><strong>Contact us<\/strong><\/h2><h3 style=\"text-align: center;\"><strong>Joint mail:<\/strong> <a href=\"mailto:budnet@budnet.dk\">budnet@budnet.dk<\/a><\/h3><\/div><\/div><\/div><\/div><\/div><\/div><\/div><\/div><div class=\"vce-row-container\" data-vce-boxed-width=\"true\"><div class=\"vce-row vce-row--col-gap-30 vce-row-equal-height vce-row-content--top\" id=\"el-26214c79\" data-vce-do-apply=\"all el-26214c79\"><div class=\"vce-row-content\" data-vce-element-content=\"true\"><div class=\"vce-col vce-col--md-auto vce-col--xs-1 vce-col--xs-last vce-col--xs-first vce-col--sm-last vce-col--sm-first vce-col--md-last vce-col--lg-last vce-col--xl-last vce-col--md-first vce-col--lg-first vce-col--xl-first\" id=\"el-8502c2ca\"><div class=\"vce-col-inner\" data-vce-do-apply=\"border margin background  el-8502c2ca\"><div class=\"vce-col-content\" data-vce-element-content=\"true\" data-vce-do-apply=\"padding el-8502c2ca\"><div class=\"vce vce-separator-container vce-separator--align-center vce-separator--style-solid\" id=\"el-bf591645\" data-vce-do-apply=\"margin el-bf591645\"><div class=\"vce-separator vce-separator--color-bfc0c1 vce-separator--width-100 vce-separator--thickness-1\" data-vce-do-apply=\"border padding background  el-bf591645\"><\/div><\/div><\/div><\/div><\/div><\/div><\/div><\/div><div class=\"vce-row-container\" data-vce-boxed-width=\"true\"><div class=\"vce-row vce-row--col-gap-30 vce-row-equal-height vce-row-content--top\" id=\"el-9da4d851\" data-vce-do-apply=\"all el-9da4d851\"><div class=\"vce-row-content\" data-vce-element-content=\"true\"><div class=\"vce-col vce-col--md-auto vce-col--xs-1 vce-col--xs-last vce-col--xs-first vce-col--sm-last vce-col--sm-first vce-col--md-last vce-col--lg-last vce-col--xl-last vce-col--md-first vce-col--lg-first vce-col--xl-first\" id=\"el-549de50c\"><div class=\"vce-col-inner\" data-vce-do-apply=\"border margin background  el-549de50c\"><div class=\"vce-col-content\" data-vce-element-content=\"true\" data-vce-do-apply=\"padding el-549de50c\"><div class=\"vce-shortcode\"><div class=\"vce-shortcode-wrapper vce\" id=\"el-d1a04d34\" data-vce-do-apply=\"all el-d1a04d34\"><div id=\"rnn-team\"><div class=\"rnn-employee\"><div class=\"rnn-employee-image\"><img src=\"https:\/\/budnet.dk\/wp-content\/uploads\/2021\/09\/Anni.jpg\"><\/div><div class=\"rnn-employee-info\"><p><span class=\"name\">Anni Nielsen<\/span><span class=\"title\">Distributionl manager<\/span><span class=\"phone\">Phone: <a href=\"tel:65455718\">65455718<\/a><\/span><span class=\"email\">E-mail: <a href=\"mailto:anni@budnet.dk\">anni@budnet.dk<\/a><\/span><\/p><\/div><\/div><\/div><\/div><\/div><\/div><\/div><\/div><\/div><\/div><\/div><div class=\"vce-row-container\" data-vce-boxed-width=\"true\"><div class=\"vce-row vce-row--col-gap-30 vce-row-equal-height vce-row-content--top\" id=\"el-8a5633b5\" data-vce-do-apply=\"all el-8a5633b5\"><div class=\"vce-row-content\" data-vce-element-content=\"true\"><div class=\"vce-col vce-col--md-auto vce-col--xs-1 vce-col--xs-last vce-col--xs-first vce-col--sm-last vce-col--sm-first vce-col--md-last vce-col--lg-last vce-col--xl-last vce-col--md-first vce-col--lg-first vce-col--xl-first\" id=\"el-7a29f8c9\"><div class=\"vce-col-inner\" data-vce-do-apply=\"border margin background  el-7a29f8c9\"><div class=\"vce-col-content\" data-vce-element-content=\"true\" data-vce-do-apply=\"padding el-7a29f8c9\"><div class=\"vce vce-separator-container vce-separator--align-center vce-separator--style-solid\" id=\"el-472bae4e\" data-vce-do-apply=\"margin el-472bae4e\"><div class=\"vce-separator vce-separator--color-bfc0c1 vce-separator--width-100 vce-separator--thickness-1\" data-vce-do-apply=\"border padding background  el-472bae4e\"><\/div><\/div><\/div><\/div><\/div><\/div><\/div><\/div><div class=\"vce-row-container\" data-vce-boxed-width=\"true\"><div class=\"vce-row vce-row--has-col-background vce-row--col-gap-30 vce-row-equal-height vce-row-content--top\" id=\"el-4634cbe0\" data-vce-do-apply=\"all el-4634cbe0\"><div class=\"vce-row-content\" data-vce-element-content=\"true\"><div class=\"vce-col vce-col--md-auto vce-col--xs-1 vce-col--xs-last vce-col--xs-first vce-col--sm-last vce-col--sm-first vce-col--md-first vce-col--lg-first vce-col--xl-first\" id=\"el-ae591381\"><div class=\"vce-col-inner\" data-vce-do-apply=\"border margin background  el-ae591381\"><div class=\"vce-col-content\" data-vce-element-content=\"true\" data-vce-do-apply=\"padding el-ae591381\"><div class=\"vce-text-block\"><div class=\"vce-text-block-wrapper vce\" id=\"el-29afdf5f\" data-vce-do-apply=\"all el-29afdf5f\"><h3>Sygdom:<\/h3><p>Ring til os mellem kl. 08:00 - 09:00 p\u00e5 hverdage og 05:30 - 06:15 p\u00e5 l\u00f8rdage. Du m\u00e5 ikke bruge sms, mail eller telefonsvare for at melde dig syg. <span style=\"color: #e30513;\">Du skal altid ringe til din lokale afdeling indenfor det oplyste tidspunkt. Du m\u00e5 ikke kontakte andre afdelinger.<\/span><\/p><\/div><\/div><\/div><\/div><\/div><div class=\"vce-col vce-col--md-auto vce-col--xs-1 vce-col--xs-last vce-col--xs-first vce-col--sm-last vce-col--sm-first\" id=\"el-18a2c8f4\"><div class=\"vce-col-inner\" data-vce-do-apply=\"border margin background  el-18a2c8f4\"><div class=\"vce-col-content\" data-vce-element-content=\"true\" data-vce-do-apply=\"padding el-18a2c8f4\"><div class=\"vce-text-block\"><div class=\"vce-text-block-wrapper vce\" id=\"el-90fd2dc2\" data-vce-do-apply=\"all el-90fd2dc2\"><h3>Ferie:<\/h3><p>Din ferie og fridage skal meldes via budnet. Log ind og g\u00e5 ind under blanketten ferie. Her kan du se, hvorn\u00e5r og hvordan du skal melde ferie.<\/p><\/div><\/div><\/div><\/div><\/div><div class=\"vce-col vce-col--md-auto vce-col--xs-1 vce-col--xs-last vce-col--xs-first vce-col--sm-last vce-col--sm-first vce-col--md-last vce-col--lg-last vce-col--xl-last\" id=\"el-ee696d83\"><div class=\"vce-col-inner\" data-vce-do-apply=\"border margin background  el-ee696d83\"><div class=\"vce-col-content\" data-vce-element-content=\"true\" data-vce-do-apply=\"padding el-ee696d83\"><div class=\"vce-text-block\"><div class=\"vce-text-block-wrapper vce\" id=\"el-8e5c4b98\" data-vce-do-apply=\"all el-8e5c4b98\"><h3>Opsigelse:<\/h3><p>Du skal altid sende din opsigelse p\u00e5 mail.<\/p><\/div><\/div><\/div><\/div><\/div><\/div><\/div><\/div><div class=\"vce-row-container\" data-vce-boxed-width=\"true\"><div class=\"vce-row vce-row--col-gap-30 vce-row-equal-height vce-row-content--top\" id=\"el-833d52b9\" data-vce-do-apply=\"all el-833d52b9\"><div class=\"vce-row-content\" data-vce-element-content=\"true\"><div class=\"vce-col vce-col--md-auto vce-col--xs-1 vce-col--xs-last vce-col--xs-first vce-col--sm-last vce-col--sm-first vce-col--md-last vce-col--lg-last vce-col--xl-last vce-col--md-first vce-col--lg-first vce-col--xl-first\" id=\"el-b0cfbbcb\"><div class=\"vce-col-inner\" data-vce-do-apply=\"border margin background  el-b0cfbbcb\"><div class=\"vce-col-content\" data-vce-element-content=\"true\" data-vce-do-apply=\"padding el-b0cfbbcb\"><div class=\"vce-text-block\"><div class=\"vce-text-block-wrapper vce\" id=\"el-83ddb958\" data-vce-do-apply=\"all el-83ddb958\"><p>Are you looking for an exciting freetime job, extra work or leisure job in Ringk\u00f8bing and Skjern municipality? Then you have come to the right place! At Budnet, we have vacancies as carriers for our afternoon distribution in Ringk\u00f8bing and Skjern. We are looking for energetic and reliable individuals who want to be part of our dedicated team.<\/p><p>As a carrier at Budnet, you will help distribute advertisements and weekly newspapers to our customers. This is important work as we ensure that the community is kept informed and up to date on the latest offers and news. We offer a dynamic workplace where you can develop your skills and gain experience within the distribution industry.<\/p><p>Regardless of whether you are under 18 and looking for a freetime job in Ringk\u00f8bing and Skjern, or over 18 and want to be part of our team, there is room for you at Budnet. We prioritize diversity and inclusion, and therefore everyone is welcome to apply to us.<\/p><p>If you would like to know more about the job as carrier in Ringk\u00f8bing and Skjern, you can visit our <a href=\"https:\/\/www.instagram.com\/budnet.dk\/\">Instagram<\/a> or <a href=\"https:\/\/www.facebook.com\/budnetdk\">Facebook<\/a> profile. Here you can read about our previous and current carriers' experiences and get an insight into what it is like to work at Budnet. You are also welcome to contact us directly by phone or e-mail if you have any questions or would like further information about the job.<\/p><p>Search for a job as a carrier in Ringk\u00f8bing and Skjern at Budnet today, and become part of our team, which works to deliver the best service to our customers. We look forward to hearing from you and welcoming you as part of our team at Budnet!<\/p><p style=\"text-align: center;\"><strong>Note* Was it really our morning distribution you were looking for? Find them <a href=\"https:\/\/budnet.dk\/en\/contact\/ringkoebing\/\">here<\/a>.<\/strong><\/p><\/div><\/div><\/div><\/div><\/div><\/div><\/div><\/div><div class=\"vce-row-container\" data-vce-boxed-width=\"true\"><div class=\"vce-row vce-row--col-gap-30 vce-row-equal-height vce-row-content--top\" id=\"el-7b21452a\" data-vce-do-apply=\"all el-7b21452a\"><div class=\"vce-row-content\" data-vce-element-content=\"true\"><div class=\"vce-col vce-col--md-auto vce-col--xs-1 vce-col--xs-last vce-col--xs-first vce-col--sm-last vce-col--sm-first vce-col--md-first vce-col--lg-first vce-col--xl-first\" id=\"el-7dfa3f0f\"><div class=\"vce-col-inner\" data-vce-do-apply=\"border margin background  el-7dfa3f0f\"><div class=\"vce-col-content\" data-vce-element-content=\"true\" data-vce-do-apply=\"padding el-7dfa3f0f\"><div class=\"vce-text-block\"><div class=\"vce-text-block-wrapper vce\" id=\"el-8ba4aca7\" data-vce-do-apply=\"all el-8ba4aca7\"><h4><strong>Ringk\u00f8bing<br><\/strong><\/h4><p>St. Blichersvej 5, 6950 Ringk\u00f8bing<br>Monday-Friday 08:00-15:00<\/p><h4>&nbsp;<\/h4><\/div><\/div><\/div><\/div><\/div><div class=\"vce-col vce-col--md-auto vce-col--xs-1 vce-col--xs-last vce-col--xs-first vce-col--sm-last vce-col--sm-first vce-col--md-last vce-col--lg-last vce-col--xl-last\" id=\"el-691be6ad\"><div class=\"vce-col-inner\" data-vce-do-apply=\"border margin background  el-691be6ad\"><div class=\"vce-col-content\" data-vce-element-content=\"true\" data-vce-do-apply=\"padding el-691be6ad\"><div class=\"vce-text-block\"><div class=\"vce-text-block-wrapper vce\" id=\"el-a9e0a782\" data-vce-do-apply=\"all el-a9e0a782\"><h4>Skjern:<\/h4><p>Bergs Plads 5, 6900 Skjern<br><br><\/p><\/div><\/div><\/div><\/div><\/div><\/div><\/div><\/div>\n","protected":false},"excerpt":{"rendered":"<p>Contact usJoint mail: budnet@budnet.dkSygdom:Ring til os mellem kl. 08:00 &#8211; 09:00 p\u00e5 hverdage og 05:30 &#8211; 06:15 p\u00e5 l\u00f8rdage. Du m\u00e5 ikke bruge sms, mail eller telefonsvare for at melde dig syg. Du skal altid ringe til din lokale afdeling indenfor det oplyste tidspunkt. Du m\u00e5 ikke kontakte andre afdelinger.Ferie:Din ferie og fridage skal meldes [&hellip;]<\/p>\n","protected":false},"author":4,"featured_media":0,"parent":0,"menu_order":0,"comment_status":"closed","ping_status":"closed","template":"","meta":{"_acf_changed":false,"footnotes":""},"class_list":["post-1843","page","type-page","status-publish","hentry"],"acf":[],"yoast_head":"<!-- This site is optimized with the Yoast SEO Premium plugin v27.3 (Yoast SEO v27.4) - https:\/\/yoast.com\/product\/yoast-seo-premium-wordpress\/ -->\n<title>Freetime job in Ringk\u00f8bing and Skjern - budnet.dk<\/title>\n<meta name=\"description\" content=\"Are you looking for a freetime job in Ringk\u00f8bing and Skjern? We are always looking for new carriers, Apply now.\" \/>\n<meta name=\"robots\" content=\"index, follow, max-snippet:-1, max-image-preview:large, max-video-preview:-1\" \/>\n<link rel=\"canonical\" href=\"https:\/\/budnet.dk\/en\/ringkoebing-skjern-afternoon\/\" \/>\n<meta property=\"og:locale\" content=\"en_US\" \/>\n<meta property=\"og:type\" content=\"article\" \/>\n<meta property=\"og:title\" content=\"Ringk\u00f8bing &amp; Skjern (Weekly newspapers)\" \/>\n<meta property=\"og:description\" content=\"Are you looking for a freetime job in Ringk\u00f8bing and Skjern? We are always looking for new carriers, Apply now.\" \/>\n<meta property=\"og:url\" content=\"https:\/\/budnet.dk\/en\/ringkoebing-skjern-afternoon\/\" \/>\n<meta property=\"og:site_name\" content=\"budnet.dk\" \/>\n<meta property=\"article:modified_time\" content=\"2026-01-06T13:35:17+00:00\" \/>\n<meta name=\"twitter:card\" content=\"summary_large_image\" \/>\n<meta name=\"twitter:label1\" content=\"Est. reading time\" \/>\n\t<meta name=\"twitter:data1\" content=\"3 minutes\" \/>\n<script type=\"application\/ld+json\" class=\"yoast-schema-graph\">{\"@context\":\"https:\\\/\\\/schema.org\",\"@graph\":[{\"@type\":\"WebPage\",\"@id\":\"https:\\\/\\\/budnet.dk\\\/en\\\/ringkoebing-skjern-afternoon\\\/\",\"url\":\"https:\\\/\\\/budnet.dk\\\/en\\\/ringkoebing-skjern-afternoon\\\/\",\"name\":\"Freetime job in Ringk\u00f8bing and Skjern - budnet.dk\",\"isPartOf\":{\"@id\":\"https:\\\/\\\/budnet.dk\\\/en\\\/#website\"},\"datePublished\":\"2023-11-03T10:45:29+00:00\",\"dateModified\":\"2026-01-06T13:35:17+00:00\",\"description\":\"Are you looking for a freetime job in Ringk\u00f8bing and Skjern? We are always looking for new carriers, Apply now.\",\"breadcrumb\":{\"@id\":\"https:\\\/\\\/budnet.dk\\\/en\\\/ringkoebing-skjern-afternoon\\\/#breadcrumb\"},\"inLanguage\":\"en-US\",\"potentialAction\":[{\"@type\":\"ReadAction\",\"target\":[\"https:\\\/\\\/budnet.dk\\\/en\\\/ringkoebing-skjern-afternoon\\\/\"]}]},{\"@type\":\"BreadcrumbList\",\"@id\":\"https:\\\/\\\/budnet.dk\\\/en\\\/ringkoebing-skjern-afternoon\\\/#breadcrumb\",\"itemListElement\":[{\"@type\":\"ListItem\",\"position\":1,\"name\":\"Hjem\",\"item\":\"https:\\\/\\\/budnet.dk\\\/en\\\/\"},{\"@type\":\"ListItem\",\"position\":2,\"name\":\"Ringk\u00f8bing &amp; Skjern (Weekly newspapers)\"}]},{\"@type\":\"WebSite\",\"@id\":\"https:\\\/\\\/budnet.dk\\\/en\\\/#website\",\"url\":\"https:\\\/\\\/budnet.dk\\\/en\\\/\",\"name\":\"budnet.dk\",\"description\":\"find din n\u00e6ste fritidsjob\",\"publisher\":{\"@id\":\"https:\\\/\\\/budnet.dk\\\/en\\\/#organization\"},\"potentialAction\":[{\"@type\":\"SearchAction\",\"target\":{\"@type\":\"EntryPoint\",\"urlTemplate\":\"https:\\\/\\\/budnet.dk\\\/en\\\/?s={search_term_string}\"},\"query-input\":{\"@type\":\"PropertyValueSpecification\",\"valueRequired\":true,\"valueName\":\"search_term_string\"}}],\"inLanguage\":\"en-US\"},{\"@type\":\"Organization\",\"@id\":\"https:\\\/\\\/budnet.dk\\\/en\\\/#organization\",\"name\":\"budnet.dk\",\"url\":\"https:\\\/\\\/budnet.dk\\\/en\\\/\",\"logo\":{\"@type\":\"ImageObject\",\"inLanguage\":\"en-US\",\"@id\":\"https:\\\/\\\/budnet.dk\\\/en\\\/#\\\/schema\\\/logo\\\/image\\\/\",\"url\":\"https:\\\/\\\/budnet.dk\\\/wp-content\\\/uploads\\\/2021\\\/09\\\/budnet-logo-50px.png\",\"contentUrl\":\"https:\\\/\\\/budnet.dk\\\/wp-content\\\/uploads\\\/2021\\\/09\\\/budnet-logo-50px.png\",\"width\":108,\"height\":51,\"caption\":\"budnet.dk\"},\"image\":{\"@id\":\"https:\\\/\\\/budnet.dk\\\/en\\\/#\\\/schema\\\/logo\\\/image\\\/\"}}]}<\/script>\n<!-- \/ Yoast SEO Premium plugin. -->","yoast_head_json":{"title":"Freetime job in Ringk\u00f8bing and Skjern - budnet.dk","description":"Are you looking for a freetime job in Ringk\u00f8bing and Skjern? We are always looking for new carriers, Apply now.","robots":{"index":"index","follow":"follow","max-snippet":"max-snippet:-1","max-image-preview":"max-image-preview:large","max-video-preview":"max-video-preview:-1"},"canonical":"https:\/\/budnet.dk\/en\/ringkoebing-skjern-afternoon\/","og_locale":"en_US","og_type":"article","og_title":"Ringk\u00f8bing &amp; Skjern (Weekly newspapers)","og_description":"Are you looking for a freetime job in Ringk\u00f8bing and Skjern? We are always looking for new carriers, Apply now.","og_url":"https:\/\/budnet.dk\/en\/ringkoebing-skjern-afternoon\/","og_site_name":"budnet.dk","article_modified_time":"2026-01-06T13:35:17+00:00","twitter_card":"summary_large_image","twitter_misc":{"Est. reading time":"3 minutes"},"schema":{"@context":"https:\/\/schema.org","@graph":[{"@type":"WebPage","@id":"https:\/\/budnet.dk\/en\/ringkoebing-skjern-afternoon\/","url":"https:\/\/budnet.dk\/en\/ringkoebing-skjern-afternoon\/","name":"Freetime job in Ringk\u00f8bing and Skjern - budnet.dk","isPartOf":{"@id":"https:\/\/budnet.dk\/en\/#website"},"datePublished":"2023-11-03T10:45:29+00:00","dateModified":"2026-01-06T13:35:17+00:00","description":"Are you looking for a freetime job in Ringk\u00f8bing and Skjern? We are always looking for new carriers, Apply now.","breadcrumb":{"@id":"https:\/\/budnet.dk\/en\/ringkoebing-skjern-afternoon\/#breadcrumb"},"inLanguage":"en-US","potentialAction":[{"@type":"ReadAction","target":["https:\/\/budnet.dk\/en\/ringkoebing-skjern-afternoon\/"]}]},{"@type":"BreadcrumbList","@id":"https:\/\/budnet.dk\/en\/ringkoebing-skjern-afternoon\/#breadcrumb","itemListElement":[{"@type":"ListItem","position":1,"name":"Hjem","item":"https:\/\/budnet.dk\/en\/"},{"@type":"ListItem","position":2,"name":"Ringk\u00f8bing &amp; Skjern (Weekly newspapers)"}]},{"@type":"WebSite","@id":"https:\/\/budnet.dk\/en\/#website","url":"https:\/\/budnet.dk\/en\/","name":"budnet.dk","description":"find din n\u00e6ste fritidsjob","publisher":{"@id":"https:\/\/budnet.dk\/en\/#organization"},"potentialAction":[{"@type":"SearchAction","target":{"@type":"EntryPoint","urlTemplate":"https:\/\/budnet.dk\/en\/?s={search_term_string}"},"query-input":{"@type":"PropertyValueSpecification","valueRequired":true,"valueName":"search_term_string"}}],"inLanguage":"en-US"},{"@type":"Organization","@id":"https:\/\/budnet.dk\/en\/#organization","name":"budnet.dk","url":"https:\/\/budnet.dk\/en\/","logo":{"@type":"ImageObject","inLanguage":"en-US","@id":"https:\/\/budnet.dk\/en\/#\/schema\/logo\/image\/","url":"https:\/\/budnet.dk\/wp-content\/uploads\/2021\/09\/budnet-logo-50px.png","contentUrl":"https:\/\/budnet.dk\/wp-content\/uploads\/2021\/09\/budnet-logo-50px.png","width":108,"height":51,"caption":"budnet.dk"},"image":{"@id":"https:\/\/budnet.dk\/en\/#\/schema\/logo\/image\/"}}]}},"_links":{"self":[{"href":"https:\/\/budnet.dk\/en\/wp-json\/wp\/v2\/pages\/1843","targetHints":{"allow":["GET"]}}],"collection":[{"href":"https:\/\/budnet.dk\/en\/wp-json\/wp\/v2\/pages"}],"about":[{"href":"https:\/\/budnet.dk\/en\/wp-json\/wp\/v2\/types\/page"}],"author":[{"embeddable":true,"href":"https:\/\/budnet.dk\/en\/wp-json\/wp\/v2\/users\/4"}],"replies":[{"embeddable":true,"href":"https:\/\/budnet.dk\/en\/wp-json\/wp\/v2\/comments?post=1843"}],"version-history":[{"count":1,"href":"https:\/\/budnet.dk\/en\/wp-json\/wp\/v2\/pages\/1843\/revisions"}],"predecessor-version":[{"id":2228,"href":"https:\/\/budnet.dk\/en\/wp-json\/wp\/v2\/pages\/1843\/revisions\/2228"}],"wp:attachment":[{"href":"https:\/\/budnet.dk\/en\/wp-json\/wp\/v2\/media?parent=1843"}],"curies":[{"name":"wp","href":"https:\/\/api.w.org\/{rel}","templated":true}]}}