{"id":853,"date":"2021-09-06T15:22:42","date_gmt":"2021-09-06T13:22:42","guid":{"rendered":"http:\/\/dev.budnet.dk\/?page_id=853"},"modified":"2026-01-07T09:53:04","modified_gmt":"2026-01-07T08:53:04","slug":"about-us-jylland","status":"publish","type":"page","link":"https:\/\/budnet.dk\/en\/about-us-jylland\/","title":{"rendered":""},"content":{"rendered":"<div class=\"vce-row-container\" data-vce-boxed-width=\"true\"><div class=\"vce-row vce-row--col-gap-30 vce-row-equal-height vce-row-content--top\" id=\"el-b8845132\" data-vce-do-apply=\"all el-b8845132\"><div class=\"vce-content-background-container\"><\/div><div class=\"vce-row-content\" data-vce-element-content=\"true\"><div class=\"vce-col vce-col--md-auto vce-col--xs-1 vce-col--xs-last vce-col--xs-first vce-col--sm-last vce-col--sm-first vce-col--md-last vce-col--lg-last vce-col--xl-last vce-col--md-first vce-col--lg-first vce-col--xl-first\" id=\"el-66f36e40\"><div class=\"vce-col-inner\" data-vce-do-apply=\"border margin background  el-66f36e40\"><div class=\"vce-col-content\" data-vce-element-content=\"true\" data-vce-do-apply=\"padding el-66f36e40\"><div class=\"vce-text-block\"><div class=\"vce-text-block-wrapper vce\" id=\"el-a488e994\" data-vce-do-apply=\"all el-a488e994\"><h1 style=\"text-align: center;\"><strong>Om os - Jylland<\/strong><\/h1><\/div><\/div><\/div><\/div><\/div><\/div><\/div><\/div><div class=\"vce-row-container\"><div class=\"vce-row vce-row--has-col-background vce-element--has-background vce-row--col-gap-30 vce-row-equal-height vce-row-content--top\" data-vce-full-width=\"true\" id=\"el-6f4988c8\" data-vce-do-apply=\"all el-6f4988c8\"><div class=\"vce-content-background-container\"><\/div><div class=\"vce-row-content\" data-vce-element-content=\"true\"><div class=\"vce-col vce-col--md-20p vce-col--xs-1 vce-col--xs-last vce-col--xs-first vce-col--sm-last vce-col--sm-first vce-col--md-first vce-col--lg-first vce-col--xl-first\" id=\"el-12025f46\"><div class=\"vce-col-inner\" data-vce-do-apply=\"border margin background  el-12025f46\"><div class=\"vce-col-content\" data-vce-element-content=\"true\" data-vce-do-apply=\"padding el-12025f46\"><div class=\"vcv-row-control-wrapper\"><\/div><\/div><\/div><\/div><div class=\"vce-col vce-element--has-background vce-col--md-auto vce-col--xs-1 vce-col--xs-last vce-col--xs-first vce-col--sm-last vce-col--sm-first\" id=\"el-036f62e8\"><div class=\"vce-col-inner\" data-vce-do-apply=\"border margin background  el-036f62e8\"><div class=\"vce-content-background-container\"><\/div><div class=\"vce-col-content\" data-vce-element-content=\"true\" data-vce-do-apply=\"padding el-036f62e8\"><div class=\"vce-text-block\"><div class=\"vce-text-block-wrapper vce\" id=\"el-1ba1a5ad\" data-vce-do-apply=\"all el-1ba1a5ad\"><h2><strong>Budnet Jylland<\/strong><\/h2>\n<p>d\u00e6kker omr\u00e5derne, som er tilknyttet Dagbladet Holstebro, Dagbladet Struer, Lemvig Folkeblad, Viborg Stifts Folkeblad og Dagbladet Ringk\u00f8bing-Skjern.<\/p>\n<p>Distribution har altid v\u00e6ret en vigtig del af avisernes hverdag. Distributionsafdelingerne har v\u00e6ret med hele vejen og har i dag udvidet til at have mange forskellige produkter med.<\/p>\n<p>Budnet sikrer, at l\u00e6serne i disse omr\u00e5der f\u00e5r deres aviser leveret til d\u00f8ren hver eneste dag. De har et stort netv\u00e6rk af erfarne avisbud, som s\u00f8rger for en p\u00e5lidelig og effektiv distribution.<\/p>\n<p>Udover distribution af aviser og ugeaviser, tilbyder Budnet ogs\u00e5 omdeling af reklamer og pakker. Dette g\u00f8r os til en alsidig og p\u00e5lidelig samarbejdspartner for virksomheder, der \u00f8nsker at n\u00e5 ud til et stort publikum i Jylland.<\/p>\n<p>Budnet er en vigtig del af JFM, der er Danmarks n\u00e6stst\u00f8rste privatejede mediekoncern, og vores distributionsservice er afg\u00f8rende for at sikre, at nyheder og information n\u00e5r ud til alle husstande i omr\u00e5derne omkring de forskellige aviser. Vores dedikerede team af medarbejdere arbejder h\u00e5rdt hver dag for at sikre, at distributionen foreg\u00e5r optimalt og effektivt.<\/p>\n<p>Alt i alt spiller Budnet en essentiel rolle i at sikre, at en stor del af befolkningen i Jylland f\u00e5r adgang til vigtige nyheder, information og reklamer p\u00e5 en p\u00e5lidelig og effektiv m\u00e5de. Vores distributionsnetv\u00e6rk er velorganiseret og professionelt, hvilket g\u00f8r dem til en af de f\u00f8rende akt\u00f8rer inden for avisdistribution i Jylland.<\/p>\n<p>Du kan finde de forskellige lokalafdelinger her:&nbsp;<\/p>\n<ul>\n<li>Holstebro, Struer &amp; Lemvig <a href=\"https:\/\/budnet.dk\/kontakt\/holstebro-struer-lemvig-skjern\/\">Morgen distribution<\/a> og&nbsp;<a href=\"https:\/\/budnet.dk\/bliv-omdeler-her\/\">Eftermiddagsdistribution<\/a><\/li>\n<li>Ringk\u00f8bing &amp; Skjern&nbsp;<a href=\"https:\/\/budnet.dk\/kontakt\/ringkoebing-skjern-nat\/\">Morgen distribution<\/a> og&nbsp;<a href=\"https:\/\/budnet.dk\/fritidsjob-ringkoebing-skjern\/\">Eftermiddagsdistribution<\/a><\/li>\n<li>Viborg&nbsp;<a href=\"https:\/\/budnet.dk\/kontakt\/viborg\/\">Morgen distribution<\/a> og&nbsp;<a href=\"https:\/\/budnet.dk\/fritidsjob-i-viborg\/\">Eftermiddagsdistribution<\/a><\/li>\n<\/ul>\n<p>Du kan se mere om Budnets distributions i Jylland p\u00e5 vores&nbsp;<a href=\"https:\/\/www.instagram.com\/budnet.dk\/\">Instagram<\/a> og&nbsp;<a href=\"https:\/\/www.facebook.com\/budnetdk\">Facebook<\/a> profil.&nbsp;<\/p><\/div><\/div><\/div><\/div><\/div><div class=\"vce-col vce-col--md-20p vce-col--xs-1 vce-col--xs-last vce-col--xs-first vce-col--sm-last vce-col--sm-first vce-col--md-last vce-col--lg-last vce-col--xl-last\" id=\"el-b66b6d82\"><div class=\"vce-col-inner\" data-vce-do-apply=\"border margin background  el-b66b6d82\"><div class=\"vce-col-content\" data-vce-element-content=\"true\" data-vce-do-apply=\"padding el-b66b6d82\"><div class=\"vcv-row-control-wrapper\"><\/div><\/div><\/div><\/div><\/div><\/div><\/div><div class=\"vce-row-container\" data-vce-boxed-width=\"true\"><div class=\"vce-row vce-row--col-gap-30 vce-row-equal-height vce-row-content--top\" id=\"el-587da025\" data-vce-do-apply=\"all el-587da025\"><div class=\"vce-row-content\" data-vce-element-content=\"true\"><div class=\"vce-col vce-col--md-auto vce-col--xs-1 vce-col--xs-last vce-col--xs-first vce-col--sm-last vce-col--sm-first vce-col--md-last vce-col--lg-last vce-col--xl-last vce-col--md-first vce-col--lg-first vce-col--xl-first\" id=\"el-4af9f217\"><div class=\"vce-col-inner\" data-vce-do-apply=\"border margin background  el-4af9f217\"><div class=\"vce-col-content\" data-vce-element-content=\"true\" data-vce-do-apply=\"padding el-4af9f217\"><div class=\"vce-single-image-container vce-single-image--align-center\"><div class=\"vce vce-single-image-wrapper\" id=\"el-54ad8791\" data-vce-do-apply=\"all el-54ad8791\"><figure><div class=\"vce-single-image-figure-inner\" style=\"width: 1024px;\"><div class=\"vce-single-image-inner vce-single-image--absolute\" style=\"width: 100%; padding-bottom: 66.6992%;\"><img loading=\"lazy\" decoding=\"async\" class=\"vce-single-image\"  width=\"1024\" height=\"683\" srcset=\"https:\/\/budnet.dk\/wp-content\/uploads\/2023\/10\/kaffe-1024x683.jpg 1024w, https:\/\/budnet.dk\/wp-content\/uploads\/2023\/10\/kaffe-320x214.jpg 320w, https:\/\/budnet.dk\/wp-content\/uploads\/2023\/10\/kaffe-480x320.jpg 480w, https:\/\/budnet.dk\/wp-content\/uploads\/2023\/10\/kaffe-800x534.jpg 800w\" src=\"https:\/\/budnet.dk\/wp-content\/uploads\/2023\/10\/kaffe-1024x683.jpg\" data-img-src=\"https:\/\/budnet.dk\/wp-content\/uploads\/2023\/10\/kaffe.jpg\" data-attachment-id=\"1719\"  alt=\"\" title=\"kaffe\" \/><\/div><\/div><figcaption hidden=\"\"><\/figcaption><\/figure><\/div><\/div><\/div><\/div><\/div><\/div><\/div><\/div>","protected":false},"excerpt":{"rendered":"<p>Om os &#8211; JyllandBudnet Jylland d\u00e6kker omr\u00e5derne, som er tilknyttet Dagbladet Holstebro, Dagbladet Struer, Lemvig Folkeblad, Viborg Stifts Folkeblad og Dagbladet Ringk\u00f8bing-Skjern. Distribution har altid v\u00e6ret en vigtig del af avisernes hverdag. Distributionsafdelingerne har v\u00e6ret med hele vejen og har i dag udvidet til at have mange forskellige produkter med. Budnet sikrer, at l\u00e6serne i [&hellip;]<\/p>\n","protected":false},"author":1,"featured_media":0,"parent":0,"menu_order":0,"comment_status":"closed","ping_status":"closed","template":"","meta":{"_acf_changed":false,"footnotes":""},"class_list":["post-853","page","type-page","status-publish","hentry"],"acf":[],"yoast_head":"<!-- This site is optimized with the Yoast SEO Premium plugin v27.3 (Yoast SEO v27.4) - https:\/\/yoast.com\/product\/yoast-seo-premium-wordpress\/ -->\n<title>About us - Jylland - budnet.dk - Find your next job in Jutland here<\/title>\n<meta name=\"description\" content=\"Are you looking for your next job in Jutland? We are always looking for new carriers for our night and afternoon distribution.\" \/>\n<meta name=\"robots\" content=\"index, follow, max-snippet:-1, max-image-preview:large, max-video-preview:-1\" \/>\n<link rel=\"canonical\" href=\"https:\/\/budnet.dk\/en\/about-us-jylland\/\" \/>\n<meta property=\"og:locale\" content=\"en_US\" \/>\n<meta property=\"og:type\" content=\"article\" \/>\n<meta property=\"og:title\" content=\"About us - Jylland\" \/>\n<meta property=\"og:description\" content=\"Are you looking for your next job in Jutland? We are always looking for new carriers for our night and afternoon distribution.\" \/>\n<meta property=\"og:url\" content=\"https:\/\/budnet.dk\/en\/about-us-jylland\/\" \/>\n<meta property=\"og:site_name\" content=\"budnet.dk\" \/>\n<meta property=\"article:modified_time\" content=\"2026-01-07T08:53:04+00:00\" \/>\n<meta name=\"twitter:card\" content=\"summary_large_image\" \/>\n<meta name=\"twitter:label1\" content=\"Est. reading time\" \/>\n\t<meta name=\"twitter:data1\" content=\"1 minute\" \/>\n<script type=\"application\/ld+json\" class=\"yoast-schema-graph\">{\"@context\":\"https:\\\/\\\/schema.org\",\"@graph\":[{\"@type\":\"WebPage\",\"@id\":\"https:\\\/\\\/budnet.dk\\\/en\\\/about-us-jylland\\\/\",\"url\":\"https:\\\/\\\/budnet.dk\\\/en\\\/about-us-jylland\\\/\",\"name\":\"About us - Jylland - budnet.dk - Find your next job in Jutland here\",\"isPartOf\":{\"@id\":\"https:\\\/\\\/budnet.dk\\\/en\\\/#website\"},\"datePublished\":\"2021-09-06T13:22:42+00:00\",\"dateModified\":\"2026-01-07T08:53:04+00:00\",\"description\":\"Are you looking for your next job in Jutland? We are always looking for new carriers for our night and afternoon distribution.\",\"breadcrumb\":{\"@id\":\"https:\\\/\\\/budnet.dk\\\/en\\\/about-us-jylland\\\/#breadcrumb\"},\"inLanguage\":\"en-US\",\"potentialAction\":[{\"@type\":\"ReadAction\",\"target\":[\"https:\\\/\\\/budnet.dk\\\/en\\\/about-us-jylland\\\/\"]}]},{\"@type\":\"BreadcrumbList\",\"@id\":\"https:\\\/\\\/budnet.dk\\\/en\\\/about-us-jylland\\\/#breadcrumb\",\"itemListElement\":[{\"@type\":\"ListItem\",\"position\":1,\"name\":\"Hjem\",\"item\":\"https:\\\/\\\/budnet.dk\\\/en\\\/\"},{\"@type\":\"ListItem\",\"position\":2,\"name\":\"About us &#8211; Jylland\"}]},{\"@type\":\"WebSite\",\"@id\":\"https:\\\/\\\/budnet.dk\\\/en\\\/#website\",\"url\":\"https:\\\/\\\/budnet.dk\\\/en\\\/\",\"name\":\"budnet.dk\",\"description\":\"find din n\u00e6ste fritidsjob\",\"publisher\":{\"@id\":\"https:\\\/\\\/budnet.dk\\\/en\\\/#organization\"},\"potentialAction\":[{\"@type\":\"SearchAction\",\"target\":{\"@type\":\"EntryPoint\",\"urlTemplate\":\"https:\\\/\\\/budnet.dk\\\/en\\\/?s={search_term_string}\"},\"query-input\":{\"@type\":\"PropertyValueSpecification\",\"valueRequired\":true,\"valueName\":\"search_term_string\"}}],\"inLanguage\":\"en-US\"},{\"@type\":\"Organization\",\"@id\":\"https:\\\/\\\/budnet.dk\\\/en\\\/#organization\",\"name\":\"budnet.dk\",\"url\":\"https:\\\/\\\/budnet.dk\\\/en\\\/\",\"logo\":{\"@type\":\"ImageObject\",\"inLanguage\":\"en-US\",\"@id\":\"https:\\\/\\\/budnet.dk\\\/en\\\/#\\\/schema\\\/logo\\\/image\\\/\",\"url\":\"https:\\\/\\\/budnet.dk\\\/wp-content\\\/uploads\\\/2021\\\/09\\\/budnet-logo-50px.png\",\"contentUrl\":\"https:\\\/\\\/budnet.dk\\\/wp-content\\\/uploads\\\/2021\\\/09\\\/budnet-logo-50px.png\",\"width\":108,\"height\":51,\"caption\":\"budnet.dk\"},\"image\":{\"@id\":\"https:\\\/\\\/budnet.dk\\\/en\\\/#\\\/schema\\\/logo\\\/image\\\/\"}}]}<\/script>\n<!-- \/ Yoast SEO Premium plugin. -->","yoast_head_json":{"title":"About us - Jylland - budnet.dk - Find your next job in Jutland here","description":"Are you looking for your next job in Jutland? We are always looking for new carriers for our night and afternoon distribution.","robots":{"index":"index","follow":"follow","max-snippet":"max-snippet:-1","max-image-preview":"max-image-preview:large","max-video-preview":"max-video-preview:-1"},"canonical":"https:\/\/budnet.dk\/en\/about-us-jylland\/","og_locale":"en_US","og_type":"article","og_title":"About us - Jylland","og_description":"Are you looking for your next job in Jutland? We are always looking for new carriers for our night and afternoon distribution.","og_url":"https:\/\/budnet.dk\/en\/about-us-jylland\/","og_site_name":"budnet.dk","article_modified_time":"2026-01-07T08:53:04+00:00","twitter_card":"summary_large_image","twitter_misc":{"Est. reading time":"1 minute"},"schema":{"@context":"https:\/\/schema.org","@graph":[{"@type":"WebPage","@id":"https:\/\/budnet.dk\/en\/about-us-jylland\/","url":"https:\/\/budnet.dk\/en\/about-us-jylland\/","name":"About us - Jylland - budnet.dk - Find your next job in Jutland here","isPartOf":{"@id":"https:\/\/budnet.dk\/en\/#website"},"datePublished":"2021-09-06T13:22:42+00:00","dateModified":"2026-01-07T08:53:04+00:00","description":"Are you looking for your next job in Jutland? We are always looking for new carriers for our night and afternoon distribution.","breadcrumb":{"@id":"https:\/\/budnet.dk\/en\/about-us-jylland\/#breadcrumb"},"inLanguage":"en-US","potentialAction":[{"@type":"ReadAction","target":["https:\/\/budnet.dk\/en\/about-us-jylland\/"]}]},{"@type":"BreadcrumbList","@id":"https:\/\/budnet.dk\/en\/about-us-jylland\/#breadcrumb","itemListElement":[{"@type":"ListItem","position":1,"name":"Hjem","item":"https:\/\/budnet.dk\/en\/"},{"@type":"ListItem","position":2,"name":"About us &#8211; Jylland"}]},{"@type":"WebSite","@id":"https:\/\/budnet.dk\/en\/#website","url":"https:\/\/budnet.dk\/en\/","name":"budnet.dk","description":"find din n\u00e6ste fritidsjob","publisher":{"@id":"https:\/\/budnet.dk\/en\/#organization"},"potentialAction":[{"@type":"SearchAction","target":{"@type":"EntryPoint","urlTemplate":"https:\/\/budnet.dk\/en\/?s={search_term_string}"},"query-input":{"@type":"PropertyValueSpecification","valueRequired":true,"valueName":"search_term_string"}}],"inLanguage":"en-US"},{"@type":"Organization","@id":"https:\/\/budnet.dk\/en\/#organization","name":"budnet.dk","url":"https:\/\/budnet.dk\/en\/","logo":{"@type":"ImageObject","inLanguage":"en-US","@id":"https:\/\/budnet.dk\/en\/#\/schema\/logo\/image\/","url":"https:\/\/budnet.dk\/wp-content\/uploads\/2021\/09\/budnet-logo-50px.png","contentUrl":"https:\/\/budnet.dk\/wp-content\/uploads\/2021\/09\/budnet-logo-50px.png","width":108,"height":51,"caption":"budnet.dk"},"image":{"@id":"https:\/\/budnet.dk\/en\/#\/schema\/logo\/image\/"}}]}},"_links":{"self":[{"href":"https:\/\/budnet.dk\/en\/wp-json\/wp\/v2\/pages\/853","targetHints":{"allow":["GET"]}}],"collection":[{"href":"https:\/\/budnet.dk\/en\/wp-json\/wp\/v2\/pages"}],"about":[{"href":"https:\/\/budnet.dk\/en\/wp-json\/wp\/v2\/types\/page"}],"author":[{"embeddable":true,"href":"https:\/\/budnet.dk\/en\/wp-json\/wp\/v2\/users\/1"}],"replies":[{"embeddable":true,"href":"https:\/\/budnet.dk\/en\/wp-json\/wp\/v2\/comments?post=853"}],"version-history":[{"count":2,"href":"https:\/\/budnet.dk\/en\/wp-json\/wp\/v2\/pages\/853\/revisions"}],"predecessor-version":[{"id":2253,"href":"https:\/\/budnet.dk\/en\/wp-json\/wp\/v2\/pages\/853\/revisions\/2253"}],"wp:attachment":[{"href":"https:\/\/budnet.dk\/en\/wp-json\/wp\/v2\/media?parent=853"}],"curies":[{"name":"wp","href":"https:\/\/api.w.org\/{rel}","templated":true}]}}